{"id":102,"date":"2018-10-24T04:05:56","date_gmt":"2018-10-24T04:05:56","guid":{"rendered":"https:\/\/futuriodemos.com\/default-demo\/?page_id=102"},"modified":"2019-06-16T03:27:55","modified_gmt":"2019-06-16T03:27:55","slug":"full-width-page-no-gaps","status":"publish","type":"page","link":"https:\/\/romarin.de\/?page_id=102","title":{"rendered":"Produkte"},"content":{"rendered":"\n<p><\/p>\n\n\n\n<p><\/p>\n\n\n\n<p style=\"text-align:center\" class=\"has-medium-font-size\">Auf unserer Produktseite finden Sie die von uns vertriebenen Produkte. Durch klicken auf den Herstellernamen landen Sie direkt auf der Homepage des Herstellers. Dort finden Sie umfangreiche Produktkataloge- und Beschreibungen. Nat\u00fcrlich beraten wir Sie auch gerne zu unseren Produkten pers\u00f6nlich.<\/p>\n\n\n\n<p><\/p>\n\n\n\n<p><\/p>\n\n\n\n<p><\/p>\n\n\n\n<p style=\"text-align:center\" class=\"has-medium-font-size\"> &#8212; <strong><a href=\"https:\/\/www.feba.de\/\">FeBa<\/a><\/strong> &#8211; Fenster- und Hauseingangst\u00fcren aus PVC und Aluminium<br><br> &#8212; <strong><a href=\"https:\/\/werzalit.com\/de\/home.html\">WERZALIT<\/a><\/strong> &#8211; Fensterb\u00e4nke und Balkonverkleidung<br><br> &#8212; <strong><a href=\"http:\/\/hoco.de\/hp457\/Vorschaltseite.htm\">HOCO<\/a><\/strong>  &#8211; Rolll\u00e4den , Zubeh\u00f6r , Elektroantriebe mit<br><br> &#8212; <strong><a href=\"https:\/\/www.somfy.de\/\">SOMFY<\/a><\/strong> &#8211; Motoren <br><br> &#8212; <strong><a href=\"https:\/\/www.warema.de\/\">WAREMA<\/a> <\/strong>&#8211; Sonnenschutzanlagen<br><br> &#8212; <strong><a href=\"https:\/\/www.jeld-wen.de\/\">JELD-WEN<\/a><\/strong> &#8211; Wohnungseingangs- und Zimmert\u00fcren<br><br> &#8212; <strong><a href=\"https:\/\/www.geze.de\/\">GEZE<\/a><\/strong> &#8211; T\u00fcrschliesser und Beschl\u00e4ge<br><br> &#8212; <strong><a href=\"https:\/\/www.hoppe.com\">HOPPE<\/a><\/strong> &#8211; Dr\u00fccker- und Wechselgarnituren<br><br> &#8212; <strong><a href=\"https:\/\/www.hewi.com\">HEWI<\/a><\/strong> &#8211; PVC &#8211; Beschl\u00e4ge<br><br> &#8212; <strong><a href=\"https:\/\/www.abus.com\/\">ABUS<\/a><\/strong> &#8211; Sicherheitstechnik rund ums Haus<br><br> &#8212; <strong><a href=\"https:\/\/www.parador.de\/\">PARADOR<\/a> u<\/strong>. <strong><a href=\"https:\/\/www.haro.com\/de\/index.php\">HARO<\/a><\/strong> &#8211; Laminate , Fertigparkette<br><br> &#8212; <strong><a href=\"https:\/\/www.kermi.de\/\">KERMI<\/a><\/strong> &#8211; Dusch- und Wannentrennw\u00e4nde<br><br> &#8212; <strong><a href=\"https:\/\/www.blanco-germany.com\/de\/de\/startseite\/\">BLANCO<\/a><\/strong> &#8211; Edelstahlsp\u00fclen<br><br> &#8212; . . . und andere . <\/p>\n","protected":false},"excerpt":{"rendered":"<p>Auf unserer Produktseite finden Sie die von uns vertriebenen Produkte. Durch klicken auf den Herstellernamen landen Sie direkt auf der Homepage des Herstellers. Dort finden Sie umfangreiche Produktkataloge- und Beschreibungen. Nat\u00fcrlich beraten wir Sie auch gerne zu unseren Produkten pers\u00f6nlich. &#8212; FeBa &#8211; Fenster- und Hauseingangst\u00fcren aus PVC und Aluminium &#8212; WERZALIT &#8211; Fensterb\u00e4nke und&hellip;<\/p>\n","protected":false},"author":1,"featured_media":0,"parent":0,"menu_order":0,"comment_status":"closed","ping_status":"closed","template":"","meta":{"footnotes":""},"_links":{"self":[{"href":"https:\/\/romarin.de\/index.php?rest_route=\/wp\/v2\/pages\/102"}],"collection":[{"href":"https:\/\/romarin.de\/index.php?rest_route=\/wp\/v2\/pages"}],"about":[{"href":"https:\/\/romarin.de\/index.php?rest_route=\/wp\/v2\/types\/page"}],"author":[{"embeddable":true,"href":"https:\/\/romarin.de\/index.php?rest_route=\/wp\/v2\/users\/1"}],"replies":[{"embeddable":true,"href":"https:\/\/romarin.de\/index.php?rest_route=%2Fwp%2Fv2%2Fcomments&post=102"}],"version-history":[{"count":4,"href":"https:\/\/romarin.de\/index.php?rest_route=\/wp\/v2\/pages\/102\/revisions"}],"predecessor-version":[{"id":318,"href":"https:\/\/romarin.de\/index.php?rest_route=\/wp\/v2\/pages\/102\/revisions\/318"}],"wp:attachment":[{"href":"https:\/\/romarin.de\/index.php?rest_route=%2Fwp%2Fv2%2Fmedia&parent=102"}],"curies":[{"name":"wp","href":"https:\/\/api.w.org\/{rel}","templated":true}]}}