{"id":99,"date":"2018-10-24T04:05:07","date_gmt":"2018-10-24T04:05:07","guid":{"rendered":"https:\/\/futuriodemos.com\/default-demo\/?page_id=99"},"modified":"2019-06-14T22:17:12","modified_gmt":"2019-06-14T22:17:12","slug":"full-width-page","status":"publish","type":"page","link":"https:\/\/romarin.de\/?page_id=99","title":{"rendered":"AGB"},"content":{"rendered":"\n<p>AGB<\/p>\n\n\n\n<p style=\"text-align:left\">ALLGEMEINE GESCH\u00c4FTSBEDINGUNGEN<\/p>\n\n\n\n<p><br> 1. Anzuwendendes Recht <br> <br> Es gilt deutsches Recht.<br> <br>Bei allen Bauleistungen ( Bautischlerarbeiten und Innenausbau ) einschlie\u00dflich Montage gilt die &#8222;Vertragsordnung f\u00fcr Bauleistungen&#8220; ( VOB Teil B ) in der bei Vertragsabschlu\u00df g\u00fcltigen Fassung , soweit der Auftrag durch einen im Baugewerbe t\u00e4tigen Vertragspartner erteilt wird.<br> <br> \u00a0<br> <br> 2. Sonstige Bauleistungen und Lieferungen\u00a0 <\/p>\n\n\n\n<p>F\u00fcr alle Leistungen, insbesondere bei nat\u00fcrlichen Personen, bei denen die VOB Teil B nicht einbezogen wird, gelten zus\u00e4tzlich die Bestimmungen der Ziffern 2.1 bis 2.6.<br> <br> \u00a0<br> <br> 2.1 Auftragsannahme<br> <br>Bis zur Auftragsannahme sind alle Angebote freibleibend. Weicht der Auftrag des Auftraggebers ( im<br>folgenden AG genannt ) vom Angebot des Auftragnehmers ( im folgenden AN genannt ) ab, so kommt ein<br>Vertrag in diesem Falle erst mit der Best\u00e4tigung des AN zustande.<br> <br> \u00a0<br> <br> 2.2<br> <br>Wird die vom AN geschuldete Leistung durch h\u00f6here Gewalt, rechtm\u00e4\u00dfigen Streik, unverschuldetes<br>Unverm\u00f6gen auf Seiten des AN oder eines seiner Lieferanten sowie ung\u00fcnstige Witterungsverh\u00e4ltnisse<br>verz\u00f6gert, so verl\u00e4ngert sich die vereinbarte Lieferfrist um die Dauer der Verz\u00f6gerung.<br> <br> \u00a0<br> <br> 2.3 Gew\u00e4hrleistung<br> <br>Offensichtliche M\u00e4ngel m\u00fcssen zwei Wochen nach Lieferung der Ware oder bei Abnahme der Leistung<br>schriftlich ger\u00fcgt werden. Nach Ablauf dieser Frist k\u00f6nnen M\u00e4ngelanspr\u00fcche wegen offensichtlicher M\u00e4ngel nicht mehr geltend gemacht werden.<br> <br> \u00a0<br> <br> 2.4<br> <br>Bei berechtigten M\u00e4ngelr\u00fcgen hat der AN die Wahl, entweder die mangelhaften Liefergegenst\u00e4nde<br>nachzubessern oder dem AG gegen R\u00fccknahme des beanstandeten Gegenstandes Ersatz zu liefern.<br>Solange der AN seinen Verpflichtungen auf Behebung der M\u00e4ngel nachkommt, hat der AG nicht das Recht,<br>Herabsetzung der Verg\u00fctung oder R\u00fcckg\u00e4ngigmachung des Vertrages zu verlangen, sofern nicht ein Fehl-<br>schlagen der Nachbesserung vorliegt. Ist eine Nachbesserung oder Ersatzlieferung unm\u00f6glich, schl\u00e4gt sie fehl oder wird sie verweigert, kann der AG nach seiner Wahl einen entsprechenden Preisnachla\u00df oder R\u00fcckg\u00e4ngigmachung des Vertrages verlangen. Satz 1 gilt nicht bei Verbrauchergesch\u00e4ften \u00fcber den Bezug beweglicher Sachen.<br> <br> \u00a0<br> <br> 2.5 Abschlagszahlung<br> <br>Ist kein individueller Zahlungsplan vereinbart, kann f\u00fcr Teilleistungen in H\u00f6he des Wertzuwachses eine Abschlagszahlung verlangt werden. Wesentliche M\u00e4ngel berechtigen nur zum Einbehalt in H\u00f6he des zweifachen voraussichtlichen M\u00e4ngelbeseitigungsaufwandes.<br> <br> \u00a0<br> <br> 2.6 Verg\u00fctung<br> <br> Ist die vertragliche Leistung vom AN erbracht und abgeliefert, bzw. abgenommem, so ist die Verg\u00fctung nach einfacher Rechnungslegung sofort f\u00e4llig und ohne Skontoabzug zu zahlen, sofern nichts anderes vereinbart ist.<br> <br> \u00a0<br> <br> 3. F\u00f6rmliche Abnahme<br> <br> Sofern vertraglich eine f\u00f6rmliche Abnahme vorgesehen ist, tritt die Abnahmewirkung auch dann ein, wenn der AG zweimal vergeblich und in zumutbarer Weise zur Durchf\u00fchrung der Abnahme aufgefordert wurde.<br> Die Abnahmewirkung tritt zw\u00f6lf Werktage nach Zugang der zweiten Aufforderung ein.<br> <br> \u00a0<br> <br> 4. Pauschalierter Schadenersatz<br> <br> K\u00fcndigt der AG vor Bauausf\u00fchrung den Werkvertrag, so ist der AN berechtigt, 10% der Gesamtauftragssumme<br> als Schadenersatz zu verlangen. Dem AG bleibt ausdr\u00fccklich das Recht vorbehalten, einen geringeren<br> Schaden nachzuweisen.<br> <br> \u00a0<br> <br> 5. Technische Hinweise<br> <br> Der AG wird darauf hingewiesen, da\u00df seinerseits Wartungsarbeiten durchzuf\u00fchren sind, insbesondere:<br> &#8212;\u00a0\u00a0 Beschl\u00e4ge und g\u00e4ngige Bauteile sind zu kontrollieren und ggfs. zu \u00f6len oder zu fetten<br> &#8212;\u00a0\u00a0 Abdichtungsfugen sind regelm\u00e4\u00dfig zu kontrollieren<br> &#8212;\u00a0\u00a0 Au\u00dfenanstriche ( z.B. Fenster ) sind jeweils nach Lack- oder Lasurart und Witterungseinflu\u00df<br> \u00a0\u00a0\u00a0\u00a0\u00a0 nachzubehandeln.<br> <br> Diese Arbeiten geh\u00f6ren nicht zum Auftragsumfang, wenn nicht ausdr\u00fccklich anders vereinbart. Unterlassene Wartungsarbeiten k\u00f6nnen die Lebensdauer und Funktionst\u00fcchtigkeit der Bauteile beeintr\u00e4chtigen, ohne dass hierdurch M\u00e4ngelanspr\u00fcche gegen den AN entstehen.<br> <br> \u00a0<br> <br> 5.1<br> <br> Unwesentliche, zumutbare Abweichungen in den Abmessungen und Ausf\u00fchrungen ( Farbe und Struktur ),insbesondere bei Nachbestellungen, bleiben vorbehalten, soweit diese in der Natur der verwendeten Materialien ( z.B. H\u00f6lzer und Furniere ) liegen und \u00fcblich sind.<br> <br> \u00a0<br> <br> 6. Zahlung<br> <br> Wechselzahlungen sind nur bei besonderer Vereinbarung zul\u00e4ssig. Wechsel und Schecks werden nur<br> zahlungshalber, nicht aber an Zahlung Statt, angenommen. Wechselspesen und Wechselsteuer gehen zu Lasten des AG.<br> <br> \u00a0<br> <br> 7.<br> <br> Die Aufrechnung mit anderen als unbestrittenen oder rechtskr\u00e4ftig festgestellten Forderungen ist<br> ausgeschlossen.<br> <br> \u00a0<br> 8. Eigentumsvorbehalt<br> <br> Gelieferte Gegenst\u00e4nde bleiben bis zur vollen Bezahlung der Verg\u00fctung Eigentum des AN.<br> <br> \u00a0<br> 8.1<br> <br> Der AG ist verpflichtet, Pf\u00e4ndungen der Eigentumsvorbehaltsgegenst\u00e4nde dem AN unverz\u00fcglich schriftlich anzuzeigen und die Pfandgl\u00e4ubiger von dem Eigentumsvorbehalt zu unterrichten. Der AG ist nicht berechtigt, die ihm unter Eigentumsvorbehalt gelieferten Gegenst\u00e4nde zu ver\u00e4u\u00dfern, zu verschenken, zu verpf\u00e4nden oder zur Sicherheit zu \u00fcbereignen.<br> <br> \u00a0<br> 8.2<br> <br> Erfolgt die Lieferung f\u00fcr einen vom AG unterhaltenen Gesch\u00e4ftsbetrieb, so d\u00fcrfen die Gegenst\u00e4nde im Rahmen einer ordnungsgem\u00e4\u00dfen Gesch\u00e4ftsf\u00fchrung weiter ver\u00e4u\u00dfert werden. In diesem Falle werden die Forderungen des AG gegen den Abnehmer aus der Ver\u00e4u\u00dferung bereits jetzt in H\u00f6he des Rechnungswertes des gelieferten Vorbehaltsgegenstandes dem AN abgetreten. Bei Weiterver\u00e4u\u00dferung der Gegenst\u00e4nde auf Kredit hat sich der AG gegen\u00fcber seinem Abnehmer das Eigentum vorzubehalten. Die Rechte und Anspr\u00fcche aus diesem Eigentumsvorbehalt gegen\u00fcber seinem Abnehmer tritt der AG hiermit an den AN ab.<br> <br> 8.3<br> <br> Werden Eigentumsvorbehaltsgegenst\u00e4nde als wesentliche Bestandteile in das Grundst\u00fcck des AG eingebaut, so tritt der AG schon jetzt die aus einer Ver\u00e4u\u00dferung des Grundst\u00fcckes oder von Grundst\u00fccksrechten entstehenden Forderungen in H\u00f6he des Rechnungswertes der Eigentumsvorbehaltsgegenst\u00e4nde mit allen Nebenrechten an den AN ab.<br> <br> \u00a0<br> <br> 8.4<br> <br> Werden die Eigentumsvorbehaltsgegenst\u00e4nde vom AG bzw. im Auftrag des AG als wesentliche Bestandteile in das Grundst\u00fcck eines Dritten eingebaut, so tritt der AG schon jetzt gegen den Dritten oder den, den es angeht, etwa entstehende Forderungen auf Verg\u00fctung in H\u00f6he des Rechnungswertes der Eigentumsvorbehaltsgegenst\u00e4nde mit allen Nebenrechten an den AN ab. Bei Verarbeitung, Verbindung und Vermischung der Vorbehaltsgegenst\u00e4nde mit anderen Gegest\u00e4nden durch den AG steht dem AN das<br> Miteigentum an der neuen Sache zu im Verh\u00e4ltnis des Rechnungswertes der Vorbehaltsgegenst\u00e4nde<br> zum Wert der \u00fcbrigen Gegenst\u00e4nde.<br> <br> 9.<br> <br> An Kostenvoranschl\u00e4gen, Entw\u00fcrfen, Zeichnungen und Berechnungen beh\u00e4lt sich der AN sein Eigentums und Urheberrecht vor. Sie d\u00fcrfen ohne seine Zustimmung weder genutzt, vervielf\u00e4ltigt, noch dritten Personen zug\u00e4nglich gemacht werden. Sie sind im Falle der Nichterteilung des Auftrages unverz\u00fcglich zur\u00fcckzugeben.<br> <br> 10. Gerichtsstand<br> <br> Der Gerichtsstand f\u00fcr beide Vertragsparteien ist ausschlie\u00dflich der Gesch\u00e4ftssitz des AN.<\/p>\n\n\n\n<p><br> \u00a0<\/p>\n","protected":false},"excerpt":{"rendered":"<p>AGB ALLGEMEINE GESCH\u00c4FTSBEDINGUNGEN 1. Anzuwendendes Recht Es gilt deutsches Recht. Bei allen Bauleistungen ( Bautischlerarbeiten und Innenausbau ) einschlie\u00dflich Montage gilt die &#8222;Vertragsordnung f\u00fcr Bauleistungen&#8220; ( VOB Teil B ) in der bei Vertragsabschlu\u00df g\u00fcltigen Fassung , soweit der Auftrag durch einen im Baugewerbe t\u00e4tigen Vertragspartner erteilt wird. \u00a0 2. Sonstige Bauleistungen und Lieferungen\u00a0 F\u00fcr&hellip;<\/p>\n","protected":false},"author":1,"featured_media":0,"parent":0,"menu_order":0,"comment_status":"closed","ping_status":"closed","template":"","meta":{"footnotes":""},"_links":{"self":[{"href":"https:\/\/romarin.de\/index.php?rest_route=\/wp\/v2\/pages\/99"}],"collection":[{"href":"https:\/\/romarin.de\/index.php?rest_route=\/wp\/v2\/pages"}],"about":[{"href":"https:\/\/romarin.de\/index.php?rest_route=\/wp\/v2\/types\/page"}],"author":[{"embeddable":true,"href":"https:\/\/romarin.de\/index.php?rest_route=\/wp\/v2\/users\/1"}],"replies":[{"embeddable":true,"href":"https:\/\/romarin.de\/index.php?rest_route=%2Fwp%2Fv2%2Fcomments&post=99"}],"version-history":[{"count":4,"href":"https:\/\/romarin.de\/index.php?rest_route=\/wp\/v2\/pages\/99\/revisions"}],"predecessor-version":[{"id":315,"href":"https:\/\/romarin.de\/index.php?rest_route=\/wp\/v2\/pages\/99\/revisions\/315"}],"wp:attachment":[{"href":"https:\/\/romarin.de\/index.php?rest_route=%2Fwp%2Fv2%2Fmedia&parent=99"}],"curies":[{"name":"wp","href":"https:\/\/api.w.org\/{rel}","templated":true}]}}